{"id":37,"date":"2024-03-22T02:24:16","date_gmt":"2024-03-22T01:24:16","guid":{"rendered":"http:\/\/localhost\/tv-stanice\/"},"modified":"2025-06-24T03:13:24","modified_gmt":"2025-06-24T01:13:24","slug":"tv-stanice","status":"publish","type":"page","link":"https:\/\/komplet.tv\/sk\/tv-stanice\/","title":{"rendered":"TV STANICE"},"content":{"rendered":"<section class=\"u-clearfix u-section-2\" id=\"sec-573c\">\n      <div class=\"u-clearfix u-sheet u-sheet-1\">\n        <div class=\"custom-expanded u-expanded-width-lg u-expanded-width-md u-expanded-width-sm u-expanded-width-xl u-table u-table-responsive u-table-1\">\n          <table class=\"u-table-entity\">\n            <colgroup>\n              <col width=\"25%\">\n              <col width=\"25%\">\n              <col width=\"25%\">\n              <col width=\"25%\">\n            <\/colgroup>\n            <tbody class=\"u-align-center u-table-body u-table-valign-top u-text-custom-color-41 u-table-body-1\">\n              <tr style=\"height: 1662px;\">\n                <td class=\"u-table-cell u-text-white u-table-cell-1\">\n                  <div>\n                    <span class=\"u-text-custom-color-41\"><\/span>\n                    <span class=\"u-text-custom-color-41\" style=\"font-weight: 700;\">\u010cesk\u00e9<\/span>\n                    <br>\n                    <span style=\"font-size: 1rem;\"> \u010cT1<br>\u010cT2<br> Prima<br>Nova<br>Prima COOL<br>Nova Action<br>Nova Cinema<br>Nova Gold<br>Nova Fun<br>Nova Lady<br>Prima MAX<br>Prima Star<br>Prima Krimi<br>Prima Show<br>Prima Love<br>Prima Zoom<br>TV Barrandov<br>Kino Barrandov<br>Barrandov Krimi<br>Seznam TV<br>Relax<br>Prima Plus<br>Nova International<br>\u010cT \ud83d\ude00 \/ ART<br>\u010cT 24<br>CNN Prima News\n                    <\/span>\n                  <\/div>\n                  <div>\n                    <br>\n                    <span class=\"u-text-custom-color-41\"><\/span>\n                    <span class=\"u-text-custom-color-41\" style=\"font-weight: 700;\">\u0160portov\u00e9<\/span>\n                  <\/div>\n                  <div>\n                    <span style=\"font-size: 1rem;\">Premier Sport<br>Premier Sport2<br>Premier Sport3<br>Premier Sport4<br>Nova Sport<br>Nova Sport 2<br>Nova Sport 3<br>Nova Sport 4<br>Nova Sport 5<br>Nova Sport 6<br>Canal+ Sport<br>Canal+ Sport 2<br>Sport 1<br>Sport 2<br>Eurosport 1<br>Eurosport 2<br>RTVS Sport<br>CT Sport<br>JOJ Sport<br>JOJ Sport 2<br>Sporty TV<br>Arena Sport<br>Arena Sport 2<br>Auto Motor Sport<br>Fightbox<br>Golf Channel<br>Extreme Sports<br>Oneplay Sport1<br>Oneplay Sport2<br>Oneplay Sport3<br>Oneplay Sport4\n                    <\/span>\n                  <\/div>\n                <\/td>\n                <td class=\"u-table-cell u-text-white u-table-cell-2\">\n                  <div>\n                    <span class=\"u-text-custom-color-41\" style=\"font-weight: 700;\">Slovensk\u00e9<\/span>\n                    <br>\n                    <span style=\"font-size: 1rem;\">Jednotka<br>Dvojka<br>Mark\u00edza<br>Joj<br>Joj Plus<br>Doma<br>Dajto<br>Wau<br>Markiza Klasik\n                    <\/span>\n                  <\/div>\n                  <div>\n                    <span style=\"font-size: 1rem;\">Mark\u00edza Krimi<br>Joj Cinema<br>Joj Cinema +1<br>Joj svet<br>Mark\u00edza +1<br>Joj +1<br>Markiza International<br>JOJ Family<br>TA3<br>RTVS 24<br>JOJ 24\n                    <\/span>\n                    <br>\n                    <br>\n                    <span class=\"u-text-custom-color-41\" style=\"font-weight: 700;\">Detsk\u00e9<\/span>\n                    <br>\n                    <span style=\"font-size: 1rem;\">Disney Channel<br>Disney Junior<br>Cartoon Network<br>Nickelodeon<br>Nick Jr.<br>NickToons<br>Minimax<br>Rik<br>Jojko<br>JimJam<br>Duck TV<br>Duck TV Plus<br>Lala TV<br>Baby TV<br>Turbo TV<br>Cartoonito*<br>\n                    <\/span>\n                    <br>\n                    <span class=\"u-text-custom-color-41\" style=\"font-weight: 700;\">Lifestyle<\/span>\n                    <br>\n                    <span style=\"font-size: 1rem;\">E! Entertaiment<br>Fast&amp;Fun Box<br>Nasa TV<br>Strike TV<br>HaHa TV<br>TV Paprika\u200b&nbsp;<br>M\u0148am<br>Food Network<br>Fashion TV<br>Fashion Box<br>M\u0148au<br>A11<br>Film PRO<br>TV 8<br>TV Lux<br>TV Noe<br>TV Noe+<br>Life TV<br>TV Natura<br>ZAK TV<br>TV Romana<br>Red Bull TV<br>SuperYacht TV\n                    <\/span>\n                  <\/div>\n                <\/td>\n                <td class=\"u-table-cell u-text-white u-table-cell-3\">\n                  <div>\n                    <span class=\"u-text-custom-color-41\" style=\"font-weight: 700;\">Filmov\u00e9<\/span>\n                    <br>\n                    <span style=\"font-size: 1rem;\">HBO<br>HBO 2<br>HBO 3<br>Cinemax<br>Cinemax 2<br>Canal+ Action<br>Warner TV\n                    <\/span>\n                  <\/div>\n                  <div>\n                    <span style=\"font-size: 1rem;\">Filmbox<br>Filmbox Premium<br>Filmbox Extra<br>Filmbox Family<br>Filmbox Stars<br>Filmbox Arthouse<br>Epic Drama<br>Paramount Network<br>Film+*<br>AMC*<br>AXN*<br>AXN White<br>AXN Black<br>Story 4<br>CS Film \/ CS Horror<br>Film Europe<br>Film Europe +\n                    <\/span>\n                    <br>\n                    <br>\n                    <span class=\"u-text-custom-color-41\" style=\"font-weight: 700;\">Hudobn\u00e9<br>\n                    <\/span>\n                    <span style=\"font-size: 1rem;\">Ocko<br>Ocko Black<br>Ocko Star<br>Ocko Expres<br>MTV<br>Club MTV<br>MTV Hits<br> MTV 00s<br>MTV 90s<br>MTV 80s<br>MTV Live<br>360 Tune Box<br>Deluxe Music<br>Stingray iConcerts<br>Retro Music<br>Rebel<br>Senzi<br>\u0160l\u00e1gr Origin\u00e1l<br>\u0160l\u00e1gr Muzika<br>\u0160l\u00e1gr Premium<br>Folklorika<br>Stingray Djazz<br>Stingray CMusic<br>Mezzo\n                    <\/span>\n                  <\/div>\n                <\/td>\n                <td class=\"u-table-cell u-text-white u-table-cell-4\">\n                  <div>\n                    <span class=\"u-text-custom-color-41\"><\/span>\n                    <span class=\"u-text-custom-color-41\">\n                      <span style=\"font-weight: 700;\">Dokument\u00e1rne<\/span>\n                    <\/span>\n                    <br>\n                    <span style=\"font-size: 1rem;\">Discovery Channel<br>Investigation Discovery<br>National Geographic<br>National Geographic Wild<br>Animal Planet<br>Spektrum<br>Spektrum Home<br>History*<br>Viasat History<br>Viasat Explore<br>Viasat Nature<br>Travel channel<br>Travel XP<br>Love Nature<br>CS History<br>CS Mystery<br>TLC<br>BBC Earth<br>Arcadia World<br>Fishing and Hunting<br>Crime and Investigation<br>Hobby TV<br>HGTV<br>Spark<br>Park TV<br>H2<br>Docubox\n                    <\/span>\n                    <br>\n                    <br>\n                    <span class=\"u-text-custom-color-41\"><\/span>\n                    <span class=\"u-text-custom-color-41\" style=\"font-weight: 700;\">XXX<\/span>\n                    <br>\n                    <span style=\"font-size: 1rem;\">Leo TV<br>Leo TV Gold<br>EROX<br>EROXXX<br>Reality Kings TV<br>Brazzers TV Europe<br>Hustler TV<br>Vixen<br>Penthouse Reality TV<br>Penthouse Gold<br>Extasy<br>Dorcel TV<br>Passion XXX<br>Redlight<br>Vivid Red<br>Dusk!<br>Desire<br>Private TV<br>Babes TV<br>Playboy TV\n                    <\/span>\n                  <\/div>\n                <\/td>\n              <\/tr>\n            <\/tbody>\n          <\/table>\n        <\/div>\n        <p class=\"u-align-center u-text u-text-1\"> Na staniciach je dostupn\u00fd 7-denn\u00fd arch\u00edv.<\/p>\n      <\/div>\n    <\/section>","protected":false},"excerpt":{"rendered":"<p>\u010cesk\u00e9 \u010cT1\u010cT2 PrimaNovaPrima COOLNova ActionNova CinemaNova GoldNova FunNova LadyPrima MAXPrima StarPrima KrimiPrima ShowPrima LovePrima ZoomTV BarrandovKino BarrandovBarrandov KrimiSeznam TVRelaxPrima PlusNova International\u010cT \ud83d\ude00 \/ ART\u010cT 24CNN Prima News Sportovn\u00ed Premier SportPremier Sport2Premier Sport3Premier Sport4Nova SportNova Sport 2Nova Sport 3Nova Sport 4Nova Sport 5Nova Sport 6Canal+ SportCanal+ Sport 2Sport 1Sport 2Eurosport 1Eurosport 2RTVS SportCT SportJOJ SportJOJ Sport &hellip; <a href=\"https:\/\/komplet.tv\/sk\/tv-stanice\/\" class=\"more-link\">Continue reading<span class=\"screen-reader-text\"> &#8222;TV STANICE&#8220;<\/span><\/a><\/p>","protected":false},"author":1,"featured_media":0,"parent":0,"menu_order":4,"comment_status":"closed","ping_status":"closed","template":"","meta":{"footnotes":""},"class_list":["post-37","page","type-page","status-publish","hentry"],"yoast_head":"<!-- This site is optimized with the Yoast SEO Premium plugin v22.3 (Yoast SEO v27.3) - https:\/\/yoast.com\/product\/yoast-seo-premium-wordpress\/ -->\n<title>TV STANICE - Komplet TV<\/title>\n<meta name=\"description\" content=\"Kompletn\u011b v\u0161echny \u010desk\u00e9 a slovensk\u00e9 televizn\u00ed stanice jedin\u011b u n\u00e1s.\" \/>\n<meta name=\"robots\" content=\"index, follow, max-snippet:-1, max-image-preview:large, max-video-preview:-1\" \/>\n<link rel=\"canonical\" href=\"https:\/\/komplet.tv\/sk\/tv-stanice\/\" \/>\n<meta property=\"og:locale\" content=\"sk_SK\" \/>\n<meta property=\"og:type\" content=\"article\" \/>\n<meta property=\"og:title\" content=\"TV STANICE\" \/>\n<meta property=\"og:description\" content=\"Sledov\u00e1n\u00ed televize p\u0159es internet s v\u00edce ne\u017e 200 \u010desk\u00fdmi a slovensk\u00fdmi TV stanicemi.\" \/>\n<meta property=\"og:url\" content=\"https:\/\/komplet.tv\/sk\/tv-stanice\/\" \/>\n<meta property=\"og:site_name\" content=\"Komplet TV\" \/>\n<meta property=\"article:modified_time\" content=\"2025-06-24T01:13:24+00:00\" \/>\n<meta property=\"og:image\" content=\"https:\/\/komplet.tv\/wp-content\/uploads\/2024\/04\/fb_komplet_tv.png\" \/>\n\t<meta property=\"og:image:width\" content=\"1200\" \/>\n\t<meta property=\"og:image:height\" content=\"675\" \/>\n\t<meta property=\"og:image:type\" content=\"image\/png\" \/>\n<meta name=\"twitter:card\" content=\"summary_large_image\" \/>\n<meta name=\"twitter:label1\" content=\"Predpokladan\u00fd \u010das \u010d\u00edtania\" \/>\n\t<meta name=\"twitter:data1\" content=\"3 min\u00faty\" \/>\n<script type=\"application\/ld+json\" class=\"yoast-schema-graph\">{\"@context\":\"https:\\\/\\\/schema.org\",\"@graph\":[{\"@type\":\"WebPage\",\"@id\":\"https:\\\/\\\/komplet.tv\\\/tv-stanice\\\/\",\"url\":\"https:\\\/\\\/komplet.tv\\\/tv-stanice\\\/\",\"name\":\"TV STANICE - Komplet TV\",\"isPartOf\":{\"@id\":\"https:\\\/\\\/komplet.tv\\\/#website\"},\"datePublished\":\"2024-03-22T01:24:16+00:00\",\"dateModified\":\"2025-06-24T01:13:24+00:00\",\"description\":\"Kompletn\u011b v\u0161echny \u010desk\u00e9 a slovensk\u00e9 televizn\u00ed stanice jedin\u011b u n\u00e1s.\",\"breadcrumb\":{\"@id\":\"https:\\\/\\\/komplet.tv\\\/tv-stanice\\\/#breadcrumb\"},\"inLanguage\":\"sk-SK\",\"potentialAction\":[{\"@type\":\"ReadAction\",\"target\":[\"https:\\\/\\\/komplet.tv\\\/tv-stanice\\\/\"]}]},{\"@type\":\"BreadcrumbList\",\"@id\":\"https:\\\/\\\/komplet.tv\\\/tv-stanice\\\/#breadcrumb\",\"itemListElement\":[{\"@type\":\"ListItem\",\"position\":1,\"name\":\"Dom\u016f\",\"item\":\"https:\\\/\\\/komplet.tv\\\/\"},{\"@type\":\"ListItem\",\"position\":2,\"name\":\"TV STANICE\"}]},{\"@type\":\"WebSite\",\"@id\":\"https:\\\/\\\/komplet.tv\\\/#website\",\"url\":\"https:\\\/\\\/komplet.tv\\\/\",\"name\":\"Komplet TV\",\"description\":\"Sledov\u00e1n\u00ed televize p\u0159es internet s v\u00edce ne\u017e 200 \u010desk\u00fdmi a slovensk\u00fdmi TV stanicemi za nejlep\u0161\u00ed cenu na trhu.\",\"publisher\":{\"@id\":\"https:\\\/\\\/komplet.tv\\\/#organization\"},\"potentialAction\":[{\"@type\":\"SearchAction\",\"target\":{\"@type\":\"EntryPoint\",\"urlTemplate\":\"https:\\\/\\\/komplet.tv\\\/?s={search_term_string}\"},\"query-input\":{\"@type\":\"PropertyValueSpecification\",\"valueRequired\":true,\"valueName\":\"search_term_string\"}}],\"inLanguage\":\"sk-SK\"},{\"@type\":\"Organization\",\"@id\":\"https:\\\/\\\/komplet.tv\\\/#organization\",\"name\":\"Komplet TV\",\"url\":\"https:\\\/\\\/komplet.tv\\\/\",\"logo\":{\"@type\":\"ImageObject\",\"inLanguage\":\"sk-SK\",\"@id\":\"https:\\\/\\\/komplet.tv\\\/#\\\/schema\\\/logo\\\/image\\\/\",\"url\":\"https:\\\/\\\/komplet.tv\\\/wp-content\\\/uploads\\\/2024\\\/04\\\/KompletTV512.png\",\"contentUrl\":\"https:\\\/\\\/komplet.tv\\\/wp-content\\\/uploads\\\/2024\\\/04\\\/KompletTV512.png\",\"width\":512,\"height\":512,\"caption\":\"Komplet TV\"},\"image\":{\"@id\":\"https:\\\/\\\/komplet.tv\\\/#\\\/schema\\\/logo\\\/image\\\/\"}}]}<\/script>\n<!-- \/ Yoast SEO Premium plugin. -->","yoast_head_json":{"title":"TV STANICE - Komplet TV","description":"Kompletn\u011b v\u0161echny \u010desk\u00e9 a slovensk\u00e9 televizn\u00ed stanice jedin\u011b u n\u00e1s.","robots":{"index":"index","follow":"follow","max-snippet":"max-snippet:-1","max-image-preview":"max-image-preview:large","max-video-preview":"max-video-preview:-1"},"canonical":"https:\/\/komplet.tv\/sk\/tv-stanice\/","og_locale":"sk_SK","og_type":"article","og_title":"TV STANICE","og_description":"Sledov\u00e1n\u00ed televize p\u0159es internet s v\u00edce ne\u017e 200 \u010desk\u00fdmi a slovensk\u00fdmi TV stanicemi.","og_url":"https:\/\/komplet.tv\/sk\/tv-stanice\/","og_site_name":"Komplet TV","article_modified_time":"2025-06-24T01:13:24+00:00","og_image":[{"width":1200,"height":675,"url":"https:\/\/komplet.tv\/wp-content\/uploads\/2024\/04\/fb_komplet_tv.png","type":"image\/png"}],"twitter_card":"summary_large_image","twitter_misc":{"Predpokladan\u00fd \u010das \u010d\u00edtania":"3 min\u00faty"},"schema":{"@context":"https:\/\/schema.org","@graph":[{"@type":"WebPage","@id":"https:\/\/komplet.tv\/tv-stanice\/","url":"https:\/\/komplet.tv\/tv-stanice\/","name":"TV STANICE - Komplet TV","isPartOf":{"@id":"https:\/\/komplet.tv\/#website"},"datePublished":"2024-03-22T01:24:16+00:00","dateModified":"2025-06-24T01:13:24+00:00","description":"Kompletn\u011b v\u0161echny \u010desk\u00e9 a slovensk\u00e9 televizn\u00ed stanice jedin\u011b u n\u00e1s.","breadcrumb":{"@id":"https:\/\/komplet.tv\/tv-stanice\/#breadcrumb"},"inLanguage":"sk-SK","potentialAction":[{"@type":"ReadAction","target":["https:\/\/komplet.tv\/tv-stanice\/"]}]},{"@type":"BreadcrumbList","@id":"https:\/\/komplet.tv\/tv-stanice\/#breadcrumb","itemListElement":[{"@type":"ListItem","position":1,"name":"Dom\u016f","item":"https:\/\/komplet.tv\/"},{"@type":"ListItem","position":2,"name":"TV STANICE"}]},{"@type":"WebSite","@id":"https:\/\/komplet.tv\/#website","url":"https:\/\/komplet.tv\/","name":"Komplet TV","description":"Sledov\u00e1n\u00ed televize p\u0159es internet s v\u00edce ne\u017e 200 \u010desk\u00fdmi a slovensk\u00fdmi TV stanicemi za nejlep\u0161\u00ed cenu na trhu.","publisher":{"@id":"https:\/\/komplet.tv\/#organization"},"potentialAction":[{"@type":"SearchAction","target":{"@type":"EntryPoint","urlTemplate":"https:\/\/komplet.tv\/?s={search_term_string}"},"query-input":{"@type":"PropertyValueSpecification","valueRequired":true,"valueName":"search_term_string"}}],"inLanguage":"sk-SK"},{"@type":"Organization","@id":"https:\/\/komplet.tv\/#organization","name":"Komplet TV","url":"https:\/\/komplet.tv\/","logo":{"@type":"ImageObject","inLanguage":"sk-SK","@id":"https:\/\/komplet.tv\/#\/schema\/logo\/image\/","url":"https:\/\/komplet.tv\/wp-content\/uploads\/2024\/04\/KompletTV512.png","contentUrl":"https:\/\/komplet.tv\/wp-content\/uploads\/2024\/04\/KompletTV512.png","width":512,"height":512,"caption":"Komplet TV"},"image":{"@id":"https:\/\/komplet.tv\/#\/schema\/logo\/image\/"}}]}},"_links":{"self":[{"href":"https:\/\/komplet.tv\/sk\/wp-json\/wp\/v2\/pages\/37","targetHints":{"allow":["GET"]}}],"collection":[{"href":"https:\/\/komplet.tv\/sk\/wp-json\/wp\/v2\/pages"}],"about":[{"href":"https:\/\/komplet.tv\/sk\/wp-json\/wp\/v2\/types\/page"}],"author":[{"embeddable":true,"href":"https:\/\/komplet.tv\/sk\/wp-json\/wp\/v2\/users\/1"}],"replies":[{"embeddable":true,"href":"https:\/\/komplet.tv\/sk\/wp-json\/wp\/v2\/comments?post=37"}],"version-history":[{"count":16,"href":"https:\/\/komplet.tv\/sk\/wp-json\/wp\/v2\/pages\/37\/revisions"}],"predecessor-version":[{"id":279,"href":"https:\/\/komplet.tv\/sk\/wp-json\/wp\/v2\/pages\/37\/revisions\/279"}],"wp:attachment":[{"href":"https:\/\/komplet.tv\/sk\/wp-json\/wp\/v2\/media?parent=37"}],"curies":[{"name":"wp","href":"https:\/\/api.w.org\/{rel}","templated":true}]}}