{"id":36,"date":"2024-03-22T02:24:15","date_gmt":"2024-03-22T01:24:15","guid":{"rendered":"http:\/\/localhost\/navod\/"},"modified":"2025-06-02T23:23:36","modified_gmt":"2025-06-02T21:23:36","slug":"navod","status":"publish","type":"page","link":"https:\/\/komplet.tv\/hu\/tanacsadas\/","title":{"rendered":"UTAS\u00cdT\u00c1S"},"content":{"rendered":"<section class=\"u-clearfix u-section-2\" id=\"sec-f543\">\n      <div class=\"u-clearfix u-sheet u-sheet-1\">\n        <p class=\"u-align-center u-custom-font u-font-arial u-text u-text-1\"> TV-n\u00e9z\u00e9s az alkalmaz\u00e1son kereszt\u00fcl lehets\u00e9ges <span style=\"font-weight: 700;\">KOMPLET TV<\/span> - csak az oper\u00e1ci\u00f3s rendszerrel rendelkez\u0151 TV-hez <span style=\"font-weight: 400;\">Android\/Google TV<\/span>, vagy az alkalmaz\u00e1son kereszt\u00fcl <span style=\"font-weight: 700;\">VU PLAYER PRO<\/span>&nbsp;- minden TV m\u00e1rk\u00e1hoz el\u00e9rhet\u0151. \n        <\/p>\n        <p class=\"u-align-center u-text u-text-2\"> Alkalmaz\u00e1s&nbsp;<span style=\"font-weight: 700;\">KOMPLET TV<\/span> az oper\u00e1ci\u00f3s rendszerrel rendelkez\u0151 mobilokon, t\u00e1blag\u00e9peken \u00e9s t\u00e9v\u00e9ken is m\u0171k\u00f6dik <span style=\"font-weight: 700;\">Android \/ Google TV<\/span> p\u00e9ld\u00e1ul Sony, Philips, TCL, Panasonic, Sharp, Gogen, Blaupunkt (100 MB szabad helynek kell lennie a TV-n) \n        <\/p>\n        <p class=\"u-align-center u-text u-text-3\"> Az alkalmaz\u00e1s telep\u00edt\u00e9se \u00e9s futtat\u00e1sa ut\u00e1n <span style=\"font-weight: 700;\">Komplet TV<\/span> meg kell adnia a megadott bejelentkez\u00e9si nevet \u00e9s jelsz\u00f3t <span style=\"font-weight: 700;\">parancsokat<\/span>.<br> El\u0151fizet\u00e9se csak akkor v\u00e1lik \u00e9rv\u00e9nyess\u00e9, ha befejezte \u00e9s kifizette a rendel\u00e9st, csatlakozik <span style=\"font-weight: 700;\">a befizet\u00e9st igazol\u00f3 <\/span>\u00e9s nyomja meg a k\u00fcld\u00e9s gombot.<br> A megrendel\u00e9s be\u00e9rkez\u00e9s\u00e9t k\u00f6vet\u0151en ellen\u0151rizz\u00fck a nyugt\u00e1t, \u00e9s ezt k\u00f6vet\u0151en e-mailben \u00e9rtes\u00edtj\u00fck az aktiv\u00e1l\u00e1sr\u00f3l \u00e9s az el\u0151fizet\u00e9s lej\u00e1rati d\u00e1tum\u00e1r\u00f3l. \n        <\/p>\n        <div class=\"custom-expanded u-expanded-width-lg u-expanded-width-md u-expanded-width-sm u-expanded-width-xl u-video u-video-cover u-video-1\">\n          <div class=\"embed-responsive embed-responsive-1\">\n            <iframe style=\"position: absolute;top: 0;left: 0;width: 100%;height: 100%;\" class=\"embed-responsive-item lazyload\" allowfullscreen=\"\" frameborder=\"0\" data-src=\"https:\/\/player.vimeo.com\/video\/931603975?loop=0&amp;muted=0&amp;title=0\"><\/iframe>\n          <\/div>\n        <\/div>\n        <p class=\"u-align-center u-text u-text-4\">\n          <a class=\"u-active-none u-border-none u-btn u-button-link u-button-style u-file-link u-hover-none u-none u-text-custom-color-9 u-text-hover-custom-color-43 u-btn-1\" href=\"https:\/\/komplet.tv\/doc\/komplet_tv_tivimate.apk\"> Kattintson ide a Komplet TV alkalmaz\u00e1s let\u00f6lt\u00e9s\u00e9hez.<\/a>\n        <\/p>\n      <\/div>\n    <\/section>\n    <section class=\"u-clearfix u-section-3\" id=\"sec-7342\">\n      <div class=\"u-clearfix u-sheet u-sheet-1\">\n        <p class=\"u-align-center u-text u-text-1\"> Ha nem tetszik Komplet TV alkalmaz\u00e1sunk, vagy nincs Android OS\/Google TV-vel rendelkez\u0151 t\u00e9v\u00e9je, haszn\u00e1lhatja az alkalmaz\u00e1st <span style=\"font-weight: 700;\">VU PLAYER PRO.<\/span>\n        <\/p>\n        <p class=\"u-align-center u-text u-text-2\"> Alkalmaz\u00e1s <span style=\"font-weight: 700;\">VU PLAYER PRO<\/span> Az \u00f6sszes TV m\u00e1rk\u00e1n el\u00e9rhet\u0151 k\u00f6zvetlen\u00fcl a TV men\u00fcb\u0151l let\u00f6lthet\u0151, \u00e9s ak\u00e1r PC Windows, Mac, iPad, iPhone, Apple TV -n is m\u0171k\u00f6dik.<br> Az ind\u00edt\u00e1s ut\u00e1n a TV a MAC -c\u00edmet \u00e9s az eszk\u00f6zkulcsot (l\u00e1sd a k\u00e9pet) gener\u00e1lja a megrendel\u00e9s kit\u00f6lt\u00e9s\u00e9hez.<br>\n        <\/p>\n        <img class=\"u-expanded-width-md u-expanded-width-sm u-expanded-width-xs u-image u-image-default lazyload u-image-1\" alt=\"\" data-image-width=\"1024\" data-image-height=\"542\" data-src=\"https:\/\/komplet.tv\/wp-content\/uploads\/2025\/06\/vu_player_pro.png\">\n        <p class=\"u-align-center u-text u-text-3\"> A VU Player Pro alkalmaz\u00e1s 7 napig ingyenes, akkor egy -egy \u00e9ves \u00e9lettartam -d\u00edjat kell fizetni 7,99 eur\u00f3. (A d\u00edj nem fizet nek\u00fcnk, hanem k\u00f6zvetlen\u00fcl az oldalon <a href=\"https:\/\/vuplayer.pro\/mylist\" class=\"u-active-none u-border-none u-btn u-button-link u-button-style u-hover-none u-none u-text-palette-1-base u-btn-1\">https:\/\/vuplayer.pro\/mylist<\/a>&nbsp;\u00e9s egy t\u00e1ny\u00e9rk\u00e1rty\u00e1n kereszt\u00fcl.)<br>\n        <\/p>\n        <div class=\"custom-expanded u-expanded-width-lg u-expanded-width-md u-expanded-width-sm u-expanded-width-xl u-video u-video-contain u-video-1\">\n          <div class=\"embed-responsive embed-responsive-1\">\n            <iframe style=\"position: absolute;top: 0;left: 0;width: 100%;height: 100%;\" class=\"embed-responsive-item lazyload\" allowfullscreen=\"\" frameborder=\"0\" data-src=\"https:\/\/player.vimeo.com\/video\/931604876?loop=0&amp;muted=0&amp;title=0\"><\/iframe>\n          <\/div>\n        <\/div>\n        <p class=\"u-align-center u-text u-text-4\"> Ha r\u00e9gebbi t\u00e9v\u00e9je van, amely nem rendelkezik intelligens funkci\u00f3kkal, ne essen k\u00e9ts\u00e9gbe, v\u00e1s\u00e1rolhat Android TV-dobozt, \u00e9s HDMI-n kereszt\u00fcl csatlakoztathatja a TV-hez.&nbsp;<br> Erre a k\u00e9sz\u00fcl\u00e9kre telep\u00edtheti Komplet TV alkalmaz\u00e1sunkat vagy a Vu Player Pro alkalmaz\u00e1st. Egy ilyen doboz b\u00e1rhol megv\u00e1s\u00e1rolhat\u00f3, az \u00e1ra 30 \u20ac-t\u00f3l kezd\u0151dik.<br> Reziszt\u00e1n Ezt az Android dobozt 4 GB RAM linkkel vessz\u00fck az AliExpress find&nbsp;<a href=\"https:\/\/www.aliexpress.com\/item\/1005009049108560.html?spm=a2g0o.productlist.main.2.6a0fL0KCL0KCKE&amp;algo_pvid=65c1ec23-f05c-4fb0-a4cc-98378e320da5&amp;algo_exp_id=65c1ec23-f05c-4fb0-a4cc-98378e320da5-1&amp;pdp_ext_f=%7B%22order%22%3A%2217%22%2C%22eval%22%3A%221%22%7D&amp;pdp_npi=4%40dis%21EUR%2143.32%2125.99%21%21%2148.05%2128.83%21%40211b6a7a17487213029542230e3298%2112000047712555053%21sea%21UK%210%21ABX&amp;curPageLogUid=dwJaEKg5fauY&amp;utparam-url=scene%3Asearch%7Cquery_from%3A\" class=\"u-active-none u-border-none u-btn u-button-link u-button-style u-hover-none u-none u-text-custom-color-9 u-text-hover-palette-2-base u-btn-2\">tu<\/a>&nbsp;. \n        <\/p>\n      <\/div>\n    <\/section>","protected":false},"excerpt":{"rendered":"<p>Sledov\u00e1n\u00ed TV je mo\u017en\u00e9 p\u0159es aplikaci KOMPLET TV &#8211; pouze pro TV s OS Android\/Google TV, nebo p\u0159es aplikaci VU PLAYER PRO&nbsp;&#8211; dostupn\u00e1 pro v\u0161echny TV zna\u010dky. Aplikace&nbsp;KOMPLET TV funguje i na mobily, tablety a televizory s OS Android \/ Google TV jako jsou Sony, Philips, TCL, Panasonic, Sharp, Gogen, Blaupunkt (nutno m\u00edt v TV &hellip; <a href=\"https:\/\/komplet.tv\/hu\/tanacsadas\/\" class=\"more-link\">Continue reading<span class=\"screen-reader-text\"> &#8222;N\u00c1VOD&#8220;<\/span><\/a><\/p>","protected":false},"author":1,"featured_media":0,"parent":0,"menu_order":3,"comment_status":"closed","ping_status":"closed","template":"","meta":{"footnotes":""},"class_list":["post-36","page","type-page","status-publish","hentry"],"yoast_head":"<!-- This site is optimized with the Yoast SEO Premium plugin v22.3 (Yoast SEO v27.3) - https:\/\/yoast.com\/product\/yoast-seo-premium-wordpress\/ -->\n<title>N\u00c1VOD - Komplet TV<\/title>\n<meta name=\"description\" content=\"Sledov\u00e1n\u00ed televize p\u0159es na\u0161i aplikaci Komplet TV, nebo p\u0159es aplikaci SMART IPTV\" \/>\n<meta name=\"robots\" content=\"index, follow, max-snippet:-1, max-image-preview:large, max-video-preview:-1\" \/>\n<link rel=\"canonical\" href=\"https:\/\/komplet.tv\/hu\/tanacsadas\/\" \/>\n<meta property=\"og:locale\" content=\"hu_HU\" \/>\n<meta property=\"og:type\" content=\"article\" \/>\n<meta property=\"og:title\" content=\"N\u00c1VOD\" \/>\n<meta property=\"og:description\" content=\"Sledov\u00e1n\u00ed televize p\u0159es internet s v\u00edce ne\u017e 200 \u010desk\u00fdmi a slovensk\u00fdmi TV stanicemi.\" \/>\n<meta property=\"og:url\" content=\"https:\/\/komplet.tv\/hu\/tanacsadas\/\" \/>\n<meta property=\"og:site_name\" content=\"Komplet TV\" \/>\n<meta property=\"article:modified_time\" content=\"2025-06-02T21:23:36+00:00\" \/>\n<meta property=\"og:image\" content=\"https:\/\/komplet.tv\/wp-content\/uploads\/2024\/04\/fb_komplet_tv.png\" \/>\n\t<meta property=\"og:image:width\" content=\"1200\" \/>\n\t<meta property=\"og:image:height\" content=\"675\" \/>\n\t<meta property=\"og:image:type\" content=\"image\/png\" \/>\n<meta name=\"twitter:card\" content=\"summary_large_image\" \/>\n<meta name=\"twitter:label1\" content=\"Becs\u00fclt olvas\u00e1si id\u0151\" \/>\n\t<meta name=\"twitter:data1\" content=\"2 perc\" \/>\n<script type=\"application\/ld+json\" class=\"yoast-schema-graph\">{\"@context\":\"https:\\\/\\\/schema.org\",\"@graph\":[{\"@type\":\"WebPage\",\"@id\":\"https:\\\/\\\/komplet.tv\\\/navod\\\/\",\"url\":\"https:\\\/\\\/komplet.tv\\\/navod\\\/\",\"name\":\"N\u00c1VOD - Komplet TV\",\"isPartOf\":{\"@id\":\"https:\\\/\\\/komplet.tv\\\/#website\"},\"datePublished\":\"2024-03-22T01:24:15+00:00\",\"dateModified\":\"2025-06-02T21:23:36+00:00\",\"description\":\"Sledov\u00e1n\u00ed televize p\u0159es na\u0161i aplikaci Komplet TV, nebo p\u0159es aplikaci SMART IPTV\",\"breadcrumb\":{\"@id\":\"https:\\\/\\\/komplet.tv\\\/navod\\\/#breadcrumb\"},\"inLanguage\":\"hu\",\"potentialAction\":[{\"@type\":\"ReadAction\",\"target\":[\"https:\\\/\\\/komplet.tv\\\/navod\\\/\"]}]},{\"@type\":\"BreadcrumbList\",\"@id\":\"https:\\\/\\\/komplet.tv\\\/navod\\\/#breadcrumb\",\"itemListElement\":[{\"@type\":\"ListItem\",\"position\":1,\"name\":\"Dom\u016f\",\"item\":\"https:\\\/\\\/komplet.tv\\\/\"},{\"@type\":\"ListItem\",\"position\":2,\"name\":\"N\u00c1VOD\"}]},{\"@type\":\"WebSite\",\"@id\":\"https:\\\/\\\/komplet.tv\\\/#website\",\"url\":\"https:\\\/\\\/komplet.tv\\\/\",\"name\":\"Komplet TV\",\"description\":\"Sledov\u00e1n\u00ed televize p\u0159es internet s v\u00edce ne\u017e 200 \u010desk\u00fdmi a slovensk\u00fdmi TV stanicemi za nejlep\u0161\u00ed cenu na trhu.\",\"publisher\":{\"@id\":\"https:\\\/\\\/komplet.tv\\\/#organization\"},\"potentialAction\":[{\"@type\":\"SearchAction\",\"target\":{\"@type\":\"EntryPoint\",\"urlTemplate\":\"https:\\\/\\\/komplet.tv\\\/?s={search_term_string}\"},\"query-input\":{\"@type\":\"PropertyValueSpecification\",\"valueRequired\":true,\"valueName\":\"search_term_string\"}}],\"inLanguage\":\"hu\"},{\"@type\":\"Organization\",\"@id\":\"https:\\\/\\\/komplet.tv\\\/#organization\",\"name\":\"Komplet TV\",\"url\":\"https:\\\/\\\/komplet.tv\\\/\",\"logo\":{\"@type\":\"ImageObject\",\"inLanguage\":\"hu\",\"@id\":\"https:\\\/\\\/komplet.tv\\\/#\\\/schema\\\/logo\\\/image\\\/\",\"url\":\"https:\\\/\\\/komplet.tv\\\/wp-content\\\/uploads\\\/2024\\\/04\\\/KompletTV512.png\",\"contentUrl\":\"https:\\\/\\\/komplet.tv\\\/wp-content\\\/uploads\\\/2024\\\/04\\\/KompletTV512.png\",\"width\":512,\"height\":512,\"caption\":\"Komplet TV\"},\"image\":{\"@id\":\"https:\\\/\\\/komplet.tv\\\/#\\\/schema\\\/logo\\\/image\\\/\"}}]}<\/script>\n<!-- \/ Yoast SEO Premium plugin. -->","yoast_head_json":{"title":"N\u00c1VOD - Komplet TV","description":"Sledov\u00e1n\u00ed televize p\u0159es na\u0161i aplikaci Komplet TV, nebo p\u0159es aplikaci SMART IPTV","robots":{"index":"index","follow":"follow","max-snippet":"max-snippet:-1","max-image-preview":"max-image-preview:large","max-video-preview":"max-video-preview:-1"},"canonical":"https:\/\/komplet.tv\/hu\/tanacsadas\/","og_locale":"hu_HU","og_type":"article","og_title":"N\u00c1VOD","og_description":"Sledov\u00e1n\u00ed televize p\u0159es internet s v\u00edce ne\u017e 200 \u010desk\u00fdmi a slovensk\u00fdmi TV stanicemi.","og_url":"https:\/\/komplet.tv\/hu\/tanacsadas\/","og_site_name":"Komplet TV","article_modified_time":"2025-06-02T21:23:36+00:00","og_image":[{"width":1200,"height":675,"url":"https:\/\/komplet.tv\/wp-content\/uploads\/2024\/04\/fb_komplet_tv.png","type":"image\/png"}],"twitter_card":"summary_large_image","twitter_misc":{"Becs\u00fclt olvas\u00e1si id\u0151":"2 perc"},"schema":{"@context":"https:\/\/schema.org","@graph":[{"@type":"WebPage","@id":"https:\/\/komplet.tv\/navod\/","url":"https:\/\/komplet.tv\/navod\/","name":"N\u00c1VOD - Komplet TV","isPartOf":{"@id":"https:\/\/komplet.tv\/#website"},"datePublished":"2024-03-22T01:24:15+00:00","dateModified":"2025-06-02T21:23:36+00:00","description":"Sledov\u00e1n\u00ed televize p\u0159es na\u0161i aplikaci Komplet TV, nebo p\u0159es aplikaci SMART IPTV","breadcrumb":{"@id":"https:\/\/komplet.tv\/navod\/#breadcrumb"},"inLanguage":"hu","potentialAction":[{"@type":"ReadAction","target":["https:\/\/komplet.tv\/navod\/"]}]},{"@type":"BreadcrumbList","@id":"https:\/\/komplet.tv\/navod\/#breadcrumb","itemListElement":[{"@type":"ListItem","position":1,"name":"Dom\u016f","item":"https:\/\/komplet.tv\/"},{"@type":"ListItem","position":2,"name":"N\u00c1VOD"}]},{"@type":"WebSite","@id":"https:\/\/komplet.tv\/#website","url":"https:\/\/komplet.tv\/","name":"Komplet TV","description":"Sledov\u00e1n\u00ed televize p\u0159es internet s v\u00edce ne\u017e 200 \u010desk\u00fdmi a slovensk\u00fdmi TV stanicemi za nejlep\u0161\u00ed cenu na trhu.","publisher":{"@id":"https:\/\/komplet.tv\/#organization"},"potentialAction":[{"@type":"SearchAction","target":{"@type":"EntryPoint","urlTemplate":"https:\/\/komplet.tv\/?s={search_term_string}"},"query-input":{"@type":"PropertyValueSpecification","valueRequired":true,"valueName":"search_term_string"}}],"inLanguage":"hu"},{"@type":"Organization","@id":"https:\/\/komplet.tv\/#organization","name":"Komplet TV","url":"https:\/\/komplet.tv\/","logo":{"@type":"ImageObject","inLanguage":"hu","@id":"https:\/\/komplet.tv\/#\/schema\/logo\/image\/","url":"https:\/\/komplet.tv\/wp-content\/uploads\/2024\/04\/KompletTV512.png","contentUrl":"https:\/\/komplet.tv\/wp-content\/uploads\/2024\/04\/KompletTV512.png","width":512,"height":512,"caption":"Komplet TV"},"image":{"@id":"https:\/\/komplet.tv\/#\/schema\/logo\/image\/"}}]}},"_links":{"self":[{"href":"https:\/\/komplet.tv\/hu\/wp-json\/wp\/v2\/pages\/36","targetHints":{"allow":["GET"]}}],"collection":[{"href":"https:\/\/komplet.tv\/hu\/wp-json\/wp\/v2\/pages"}],"about":[{"href":"https:\/\/komplet.tv\/hu\/wp-json\/wp\/v2\/types\/page"}],"author":[{"embeddable":true,"href":"https:\/\/komplet.tv\/hu\/wp-json\/wp\/v2\/users\/1"}],"replies":[{"embeddable":true,"href":"https:\/\/komplet.tv\/hu\/wp-json\/wp\/v2\/comments?post=36"}],"version-history":[{"count":12,"href":"https:\/\/komplet.tv\/hu\/wp-json\/wp\/v2\/pages\/36\/revisions"}],"predecessor-version":[{"id":275,"href":"https:\/\/komplet.tv\/hu\/wp-json\/wp\/v2\/pages\/36\/revisions\/275"}],"wp:attachment":[{"href":"https:\/\/komplet.tv\/hu\/wp-json\/wp\/v2\/media?parent=36"}],"curies":[{"name":"wp","href":"https:\/\/api.w.org\/{rel}","templated":true}]}}