{"id":36,"date":"2024-03-22T02:24:15","date_gmt":"2024-03-22T01:24:15","guid":{"rendered":"http:\/\/localhost\/navod\/"},"modified":"2025-06-02T23:23:36","modified_gmt":"2025-06-02T21:23:36","slug":"navod","status":"publish","type":"page","link":"https:\/\/komplet.tv\/en\/guide\/","title":{"rendered":"GUIDE"},"content":{"rendered":"<section class=\"u-clearfix u-section-2\" id=\"sec-f543\">\n      <div class=\"u-clearfix u-sheet u-sheet-1\">\n        <p class=\"u-align-center u-custom-font u-font-arial u-text u-text-1\"> TV viewing is possible through the application <span style=\"font-weight: 700;\">KOMPLET TV<\/span> - only for TV with OS <span style=\"font-weight: 400;\">Android\/Google TV<\/span>, or through the application <span style=\"font-weight: 700;\">VU PLAYER PRO<\/span>&nbsp;- available for all TV brands. \n        <\/p>\n        <p class=\"u-align-center u-text u-text-2\"> Application&nbsp;<span style=\"font-weight: 700;\">KOMPLET TV<\/span> It also works on mobiles, tablets and TVs with OS <span style=\"font-weight: 700;\">Android \/ Google TV<\/span> such as Sony, Philips, TCl, Panasonic, Sharp, Gogen, Blaupunct (need to have a 100MB free space on TV) \n        <\/p>\n        <p class=\"u-align-center u-text u-text-3\"> After installing and starting the application <span style=\"font-weight: 700;\">Komplet TV<\/span> You will be prompted to enter the login and password you filled in while entering <span style=\"font-weight: 700;\">order<\/span>.<br> Your subscription starts to be valid only after you fill in and pay the order, attach <span style=\"font-weight: 700;\">proof of payment <\/span>and press the Send button.<br> After receiving the order we will check the document and then you will be informed of the activation with the date of expiration of your subscription. \n        <\/p>\n        <div class=\"custom-expanded u-expanded-width-lg u-expanded-width-md u-expanded-width-sm u-expanded-width-xl u-video u-video-cover u-video-1\">\n          <div class=\"embed-responsive embed-responsive-1\">\n            <iframe style=\"position: absolute;top: 0;left: 0;width: 100%;height: 100%;\" class=\"embed-responsive-item lazyload\" allowfullscreen=\"\" frameborder=\"0\" data-src=\"https:\/\/player.vimeo.com\/video\/931603975?loop=0&amp;muted=0&amp;title=0\"><\/iframe>\n          <\/div>\n        <\/div>\n        <p class=\"u-align-center u-text u-text-4\">\n          <a class=\"u-active-none u-border-none u-btn u-button-link u-button-style u-file-link u-hover-none u-none u-text-custom-color-9 u-text-hover-custom-color-43 u-btn-1\" href=\"https:\/\/komplet.tv\/doc\/komplet_tv_tivimate.apk\"> Click here to download Komplet TV.<\/a>\n        <\/p>\n      <\/div>\n    <\/section>\n    <section class=\"u-clearfix u-section-3\" id=\"sec-7342\">\n      <div class=\"u-clearfix u-sheet u-sheet-1\">\n        <p class=\"u-align-center u-text u-text-1\"> If you do not like our Komplet TV app or you do not have a TV with OS Android \/ Google TV can be used <span style=\"font-weight: 700;\">VU PLAYER PRO.<\/span>\n        <\/p>\n        <p class=\"u-align-center u-text u-text-2\"> Application <span style=\"font-weight: 700;\">VU PLAYER PRO<\/span> is available on all TV brands can be downloaded directly from the TV menu and even works on PC Windows, Mac, iPad, iPhone, Apple TV.<br> After starting, the TV will generate Mac Address and Device Key (see picture) to fill in the order.<br>\n        <\/p>\n        <img class=\"u-expanded-width-md u-expanded-width-sm u-expanded-width-xs u-image u-image-default lazyload u-image-1\" alt=\"\" data-image-width=\"1024\" data-image-height=\"542\" data-src=\"https:\/\/komplet.tv\/wp-content\/uploads\/2025\/06\/vu_player_pro.png\">\n        <p class=\"u-align-center u-text u-text-3\"> The VU Player Pro application is free of charge for 7 days, then it is necessary to pay a one -time lifetime fee of \u20ac 7.99. (A fee do not pay us but directly on the page <a href=\"https:\/\/vuplayer.pro\/mylist\" class=\"u-active-none u-border-none u-btn u-button-link u-button-style u-hover-none u-none u-text-palette-1-base u-btn-1\">https:\/\/vuplayer.pro\/mylist<\/a>&nbsp;via a credit card.)<br>\n        <\/p>\n        <div class=\"custom-expanded u-expanded-width-lg u-expanded-width-md u-expanded-width-sm u-expanded-width-xl u-video u-video-contain u-video-1\">\n          <div class=\"embed-responsive embed-responsive-1\">\n            <iframe style=\"position: absolute;top: 0;left: 0;width: 100%;height: 100%;\" class=\"embed-responsive-item lazyload\" allowfullscreen=\"\" frameborder=\"0\" data-src=\"https:\/\/player.vimeo.com\/video\/931604876?loop=0&amp;muted=0&amp;title=0\"><\/iframe>\n          <\/div>\n        <\/div>\n        <p class=\"u-align-center u-text u-text-4\"> If you own an older TV that does not have a smart feature do not despair it is possible to buy an Android TV box and connect it to the TV via HDMI.&nbsp;<br> You can install our Komplet TV application or Vu Player Pro on this device. Such a box can be purchased anywhere price is from 30 \u20ac.<br> Resistan we take this Android box with 4GB RAM link to Aliexpress find&nbsp;<a href=\"https:\/\/www.aliexpress.com\/item\/1005009049108560.html?spm=a2g0o.productlist.main.2.6a0fL0KCL0KCKE&amp;algo_pvid=65c1ec23-f05c-4fb0-a4cc-98378e320da5&amp;algo_exp_id=65c1ec23-f05c-4fb0-a4cc-98378e320da5-1&amp;pdp_ext_f=%7B%22order%22%3A%2217%22%2C%22eval%22%3A%221%22%7D&amp;pdp_npi=4%40dis%21EUR%2143.32%2125.99%21%21%2148.05%2128.83%21%40211b6a7a17487213029542230e3298%2112000047712555053%21sea%21UK%210%21ABX&amp;curPageLogUid=dwJaEKg5fauY&amp;utparam-url=scene%3Asearch%7Cquery_from%3A\" class=\"u-active-none u-border-none u-btn u-button-link u-button-style u-hover-none u-none u-text-custom-color-9 u-text-hover-palette-2-base u-btn-2\">tu<\/a>&nbsp;. \n        <\/p>\n      <\/div>\n    <\/section>","protected":false},"excerpt":{"rendered":"<p>Sledov\u00e1n\u00ed TV je mo\u017en\u00e9 p\u0159es aplikaci KOMPLET TV &#8211; pouze pro TV s OS Android\/Google TV, nebo p\u0159es aplikaci VU PLAYER PRO&nbsp;&#8211; dostupn\u00e1 pro v\u0161echny TV zna\u010dky. Aplikace&nbsp;KOMPLET TV funguje i na mobily, tablety a televizory s OS Android \/ Google TV jako jsou Sony, Philips, TCL, Panasonic, Sharp, Gogen, Blaupunkt (nutno m\u00edt v TV &hellip; <a href=\"https:\/\/komplet.tv\/en\/guide\/\" class=\"more-link\">Continue reading<span class=\"screen-reader-text\"> &#8222;N\u00c1VOD&#8220;<\/span><\/a><\/p>","protected":false},"author":1,"featured_media":0,"parent":0,"menu_order":3,"comment_status":"closed","ping_status":"closed","template":"","meta":{"footnotes":""},"class_list":["post-36","page","type-page","status-publish","hentry"],"yoast_head":"<!-- This site is optimized with the Yoast SEO Premium plugin v22.3 (Yoast SEO v27.3) - https:\/\/yoast.com\/product\/yoast-seo-premium-wordpress\/ -->\n<title>N\u00c1VOD - Komplet TV<\/title>\n<meta name=\"description\" content=\"Sledov\u00e1n\u00ed televize p\u0159es na\u0161i aplikaci Komplet TV, nebo p\u0159es aplikaci SMART IPTV\" \/>\n<meta name=\"robots\" content=\"index, follow, max-snippet:-1, max-image-preview:large, max-video-preview:-1\" \/>\n<link rel=\"canonical\" href=\"https:\/\/komplet.tv\/en\/guide\/\" \/>\n<meta property=\"og:locale\" content=\"en_US\" \/>\n<meta property=\"og:type\" content=\"article\" \/>\n<meta property=\"og:title\" content=\"N\u00c1VOD\" \/>\n<meta property=\"og:description\" content=\"Sledov\u00e1n\u00ed televize p\u0159es internet s v\u00edce ne\u017e 200 \u010desk\u00fdmi a slovensk\u00fdmi TV stanicemi.\" \/>\n<meta property=\"og:url\" content=\"https:\/\/komplet.tv\/en\/guide\/\" \/>\n<meta property=\"og:site_name\" content=\"Komplet TV\" \/>\n<meta property=\"article:modified_time\" content=\"2025-06-02T21:23:36+00:00\" \/>\n<meta property=\"og:image\" content=\"https:\/\/komplet.tv\/wp-content\/uploads\/2024\/04\/fb_komplet_tv.png\" \/>\n\t<meta property=\"og:image:width\" content=\"1200\" \/>\n\t<meta property=\"og:image:height\" content=\"675\" \/>\n\t<meta property=\"og:image:type\" content=\"image\/png\" \/>\n<meta name=\"twitter:card\" content=\"summary_large_image\" \/>\n<meta name=\"twitter:label1\" content=\"Est. reading time\" \/>\n\t<meta name=\"twitter:data1\" content=\"2 minutes\" \/>\n<script type=\"application\/ld+json\" class=\"yoast-schema-graph\">{\"@context\":\"https:\\\/\\\/schema.org\",\"@graph\":[{\"@type\":\"WebPage\",\"@id\":\"https:\\\/\\\/komplet.tv\\\/navod\\\/\",\"url\":\"https:\\\/\\\/komplet.tv\\\/navod\\\/\",\"name\":\"N\u00c1VOD - Komplet TV\",\"isPartOf\":{\"@id\":\"https:\\\/\\\/komplet.tv\\\/#website\"},\"datePublished\":\"2024-03-22T01:24:15+00:00\",\"dateModified\":\"2025-06-02T21:23:36+00:00\",\"description\":\"Sledov\u00e1n\u00ed televize p\u0159es na\u0161i aplikaci Komplet TV, nebo p\u0159es aplikaci SMART IPTV\",\"breadcrumb\":{\"@id\":\"https:\\\/\\\/komplet.tv\\\/navod\\\/#breadcrumb\"},\"inLanguage\":\"en-US\",\"potentialAction\":[{\"@type\":\"ReadAction\",\"target\":[\"https:\\\/\\\/komplet.tv\\\/navod\\\/\"]}]},{\"@type\":\"BreadcrumbList\",\"@id\":\"https:\\\/\\\/komplet.tv\\\/navod\\\/#breadcrumb\",\"itemListElement\":[{\"@type\":\"ListItem\",\"position\":1,\"name\":\"Dom\u016f\",\"item\":\"https:\\\/\\\/komplet.tv\\\/\"},{\"@type\":\"ListItem\",\"position\":2,\"name\":\"N\u00c1VOD\"}]},{\"@type\":\"WebSite\",\"@id\":\"https:\\\/\\\/komplet.tv\\\/#website\",\"url\":\"https:\\\/\\\/komplet.tv\\\/\",\"name\":\"Komplet TV\",\"description\":\"Sledov\u00e1n\u00ed televize p\u0159es internet s v\u00edce ne\u017e 200 \u010desk\u00fdmi a slovensk\u00fdmi TV stanicemi za nejlep\u0161\u00ed cenu na trhu.\",\"publisher\":{\"@id\":\"https:\\\/\\\/komplet.tv\\\/#organization\"},\"potentialAction\":[{\"@type\":\"SearchAction\",\"target\":{\"@type\":\"EntryPoint\",\"urlTemplate\":\"https:\\\/\\\/komplet.tv\\\/?s={search_term_string}\"},\"query-input\":{\"@type\":\"PropertyValueSpecification\",\"valueRequired\":true,\"valueName\":\"search_term_string\"}}],\"inLanguage\":\"en-US\"},{\"@type\":\"Organization\",\"@id\":\"https:\\\/\\\/komplet.tv\\\/#organization\",\"name\":\"Komplet TV\",\"url\":\"https:\\\/\\\/komplet.tv\\\/\",\"logo\":{\"@type\":\"ImageObject\",\"inLanguage\":\"en-US\",\"@id\":\"https:\\\/\\\/komplet.tv\\\/#\\\/schema\\\/logo\\\/image\\\/\",\"url\":\"https:\\\/\\\/komplet.tv\\\/wp-content\\\/uploads\\\/2024\\\/04\\\/KompletTV512.png\",\"contentUrl\":\"https:\\\/\\\/komplet.tv\\\/wp-content\\\/uploads\\\/2024\\\/04\\\/KompletTV512.png\",\"width\":512,\"height\":512,\"caption\":\"Komplet TV\"},\"image\":{\"@id\":\"https:\\\/\\\/komplet.tv\\\/#\\\/schema\\\/logo\\\/image\\\/\"}}]}<\/script>\n<!-- \/ Yoast SEO Premium plugin. -->","yoast_head_json":{"title":"N\u00c1VOD - Komplet TV","description":"Sledov\u00e1n\u00ed televize p\u0159es na\u0161i aplikaci Komplet TV, nebo p\u0159es aplikaci SMART IPTV","robots":{"index":"index","follow":"follow","max-snippet":"max-snippet:-1","max-image-preview":"max-image-preview:large","max-video-preview":"max-video-preview:-1"},"canonical":"https:\/\/komplet.tv\/en\/guide\/","og_locale":"en_US","og_type":"article","og_title":"N\u00c1VOD","og_description":"Sledov\u00e1n\u00ed televize p\u0159es internet s v\u00edce ne\u017e 200 \u010desk\u00fdmi a slovensk\u00fdmi TV stanicemi.","og_url":"https:\/\/komplet.tv\/en\/guide\/","og_site_name":"Komplet TV","article_modified_time":"2025-06-02T21:23:36+00:00","og_image":[{"width":1200,"height":675,"url":"https:\/\/komplet.tv\/wp-content\/uploads\/2024\/04\/fb_komplet_tv.png","type":"image\/png"}],"twitter_card":"summary_large_image","twitter_misc":{"Est. reading time":"2 minutes"},"schema":{"@context":"https:\/\/schema.org","@graph":[{"@type":"WebPage","@id":"https:\/\/komplet.tv\/navod\/","url":"https:\/\/komplet.tv\/navod\/","name":"N\u00c1VOD - Komplet TV","isPartOf":{"@id":"https:\/\/komplet.tv\/#website"},"datePublished":"2024-03-22T01:24:15+00:00","dateModified":"2025-06-02T21:23:36+00:00","description":"Sledov\u00e1n\u00ed televize p\u0159es na\u0161i aplikaci Komplet TV, nebo p\u0159es aplikaci SMART IPTV","breadcrumb":{"@id":"https:\/\/komplet.tv\/navod\/#breadcrumb"},"inLanguage":"en-US","potentialAction":[{"@type":"ReadAction","target":["https:\/\/komplet.tv\/navod\/"]}]},{"@type":"BreadcrumbList","@id":"https:\/\/komplet.tv\/navod\/#breadcrumb","itemListElement":[{"@type":"ListItem","position":1,"name":"Dom\u016f","item":"https:\/\/komplet.tv\/"},{"@type":"ListItem","position":2,"name":"N\u00c1VOD"}]},{"@type":"WebSite","@id":"https:\/\/komplet.tv\/#website","url":"https:\/\/komplet.tv\/","name":"Komplet TV","description":"Sledov\u00e1n\u00ed televize p\u0159es internet s v\u00edce ne\u017e 200 \u010desk\u00fdmi a slovensk\u00fdmi TV stanicemi za nejlep\u0161\u00ed cenu na trhu.","publisher":{"@id":"https:\/\/komplet.tv\/#organization"},"potentialAction":[{"@type":"SearchAction","target":{"@type":"EntryPoint","urlTemplate":"https:\/\/komplet.tv\/?s={search_term_string}"},"query-input":{"@type":"PropertyValueSpecification","valueRequired":true,"valueName":"search_term_string"}}],"inLanguage":"en-US"},{"@type":"Organization","@id":"https:\/\/komplet.tv\/#organization","name":"Komplet TV","url":"https:\/\/komplet.tv\/","logo":{"@type":"ImageObject","inLanguage":"en-US","@id":"https:\/\/komplet.tv\/#\/schema\/logo\/image\/","url":"https:\/\/komplet.tv\/wp-content\/uploads\/2024\/04\/KompletTV512.png","contentUrl":"https:\/\/komplet.tv\/wp-content\/uploads\/2024\/04\/KompletTV512.png","width":512,"height":512,"caption":"Komplet TV"},"image":{"@id":"https:\/\/komplet.tv\/#\/schema\/logo\/image\/"}}]}},"_links":{"self":[{"href":"https:\/\/komplet.tv\/en\/wp-json\/wp\/v2\/pages\/36","targetHints":{"allow":["GET"]}}],"collection":[{"href":"https:\/\/komplet.tv\/en\/wp-json\/wp\/v2\/pages"}],"about":[{"href":"https:\/\/komplet.tv\/en\/wp-json\/wp\/v2\/types\/page"}],"author":[{"embeddable":true,"href":"https:\/\/komplet.tv\/en\/wp-json\/wp\/v2\/users\/1"}],"replies":[{"embeddable":true,"href":"https:\/\/komplet.tv\/en\/wp-json\/wp\/v2\/comments?post=36"}],"version-history":[{"count":12,"href":"https:\/\/komplet.tv\/en\/wp-json\/wp\/v2\/pages\/36\/revisions"}],"predecessor-version":[{"id":275,"href":"https:\/\/komplet.tv\/en\/wp-json\/wp\/v2\/pages\/36\/revisions\/275"}],"wp:attachment":[{"href":"https:\/\/komplet.tv\/en\/wp-json\/wp\/v2\/media?parent=36"}],"curies":[{"name":"wp","href":"https:\/\/api.w.org\/{rel}","templated":true}]}}